{"id":3,"date":"2019-12-04T09:15:26","date_gmt":"2019-12-04T09:15:26","guid":{"rendered":"http:\/\/85.125.187.76\/famnovak\/?page_id=3"},"modified":"2020-04-01T17:52:48","modified_gmt":"2020-04-01T17:52:48","slug":"privacy-policy","status":"publish","type":"page","link":"https:\/\/diehelferhelfer.at\/index.php\/privacy-policy\/","title":{"rendered":"Privacy Policy"},"content":{"rendered":"<p><\/p>\n<h1 class=\"adsimple-121197769\" data-fontsize=\"32\" data-lineheight=\"44\">Impressum<\/h1>\n<p><strong>Firma: \u00a0\u00a0\u00a0\u00a0\u00a0\u00a0\u00a0\u00a0\u00a0\u00a0\u00a0\u00a0\u00a0\u00a0\u00a0\u00a0\u00a0\u00a0\u00a0\u00a0\u00a0\u00a0\u00a0\u00a0\u00a0\u00a0\u00a0\u00a0\u00a0\u00a0\u00a0\u00a0 Prosof S\u00fcd Consulting GmbH<br \/>\n<\/strong><strong>Rechtsform<\/strong>: \u00a0\u00a0\u00a0\u00a0\u00a0\u00a0\u00a0\u00a0\u00a0\u00a0\u00a0\u00a0\u00a0\u00a0\u00a0\u00a0\u00a0\u00a0\u00a0\u00a0\u00a0 Gesellschaft mit beschr\u00e4nkter Haftung (GmbH)<br \/>\n<strong>Anschrift<\/strong>: \u00a0\u00a0\u00a0\u00a0\u00a0\u00a0\u00a0\u00a0\u00a0\u00a0\u00a0\u00a0\u00a0\u00a0\u00a0\u00a0\u00a0\u00a0\u00a0\u00a0\u00a0\u00a0\u00a0\u00a0\u00a0\u00a0 Steinergasse 11\/5, A-1230 Wien \/Austria<br \/>\n<strong>Gesch\u00e4ftsf\u00fchrer<\/strong>: \u00a0\u00a0\u00a0\u00a0\u00a0\u00a0\u00a0\u00a0\u00a0\u00a0\u00a0\u00a0\u00a0 Dipl.-Ing. Martin Novak<br \/>\n<strong>Gewerbe<\/strong>: \u00a0\u00a0\u00a0\u00a0\u00a0\u00a0\u00a0\u00a0\u00a0\u00a0\u00a0\u00a0\u00a0\u00a0\u00a0\u00a0\u00a0\u00a0\u00a0\u00a0\u00a0\u00a0\u00a0\u00a0\u00a0\u00a0\u00a0 Dienstleistungen in der automatischen Datenverarbeitung<br \/>\n<strong>Kammerzugeh\u00f6rigkeit<\/strong>: \u00a0\u00a0\u00a0 WKO, WKK, Fachgruppe f\u00fcr Unternehmensberatung und Informationstechnologie<\/p>\n<p><strong>Firmenbuch Nr.:<\/strong> \u00a0\u00a0\u00a0 \u00a0\u00a0\u00a0\u00a0\u00a0\u00a0\u00a0\u00a0\u00a0\u00a0\u00a0 FN 30918v,\u00a0 BG Klagenfurt<br \/>\n<strong>Firmensitz<\/strong>: \u00a0\u00a0\u00a0\u00a0\u00a0\u00a0\u00a0\u00a0\u00a0\u00a0\u00a0\u00a0\u00a0\u00a0\u00a0\u00a0\u00a0\u00a0\u00a0\u00a0\u00a0\u00a0\u00a0 1230 Steinergasse 11<\/p>\n<p><strong>UIDNr<\/strong>.: \u00a0\u00a0\u00a0\u00a0\u00a0\u00a0\u00a0\u00a0\u00a0\u00a0\u00a0\u00a0\u00a0\u00a0\u00a0\u00a0\u00a0\u00a0\u00a0\u00a0\u00a0\u00a0\u00a0\u00a0\u00a0\u00a0\u00a0\u00a0\u00a0\u00a0\u00a0 ATU 26154103 EORI: ATEOS1000060107<\/p>\n<p>T:\u00a0\u00a0\u00a0\u00a0\u00a0\u00a0\u00a0\u00a0 +43 (Null,Sechs,Sechs,Vier) 3381105<br \/>\nE: \u00a0\u00a0\u00a0\u00a0\u00a0\u00a0 info[at)prosoftconsult.at; www[dot)prosoftconsult[dot).at<\/p>\n<p class=\"adsimple-121197769\"><strong>Verleihungsstaat:<\/strong>\u00a0\u00d6sterreich<\/p>\n<h2 class=\"adsimple-121197769\" data-fontsize=\"24\" data-lineheight=\"36\">EU-Streitschlichtung<\/h2>\n<p><strong>Zugang zu relevanten Gesetzen unter:<\/strong> http:\/\/www.ris.bka.gv.at\/bundesrecht<br \/>\n<strong>Angaben zur Online-Streitbeilegung<\/strong>: Verbraucher haben die M\u00f6glichkeit, Beschwerden an die Online-Streitbeilegungsplattform der EU zu richten: http:\/\/ec.europa.eu\/odr.<br \/>\nSie k\u00f6nnen allf\u00e4llige Beschwerde auch an die oben angegebene E-Mail-Adresse richten.<\/p>\n<p>Wir weisen ausdr\u00fccklich darauf hin, dass wir weder bereit noch verpflichtet sind, an Streitbeilegungsverfahren vor einer Verbraucherschlichtungsstelle teilzunehmen.<\/p>\n<h2 class=\"adsimple-121197769\" data-fontsize=\"24\" data-lineheight=\"36\">Haftung f\u00fcr Inhalte dieser Webseite<\/h2>\n<p><strong>Offenlegung gem\u00e4\u00df \u00a7 25 Mediengesetz:<\/strong><\/p>\n<p>Inhaber dieser Website ist die Prosoft S\u00fcd Consulting GmbH.Die Website dient der Information \u00fcber alle Aktivit\u00e4ten und Neuigkeiten betreffend des Unternehmens, dessen Projekte und Dienstleistungen. Alle Inhalte dienen der pers\u00f6nlichen Information. Eine Weiterverwendung und Reproduktion \u00fcber den pers\u00f6nlichen Gebrauch hinaus ist nicht gestattet. Bilder d\u00fcrfen nicht ohne vorherige ausdr\u00fcckliche schriftliche Genehmigung der Seiteninhaberin\u00a0 ver\u00f6ffentlicht oder weiterverbreitet werden, sei dies zu gewerblichen oder anderen Zwecken.<\/p>\n<p><strong>Haftungsausschluss:<\/strong><\/p>\n<p><strong>Alle Angaben ohne Gew\u00e4hr !<\/strong><\/p>\n<p>Die bereitgestellten Informationen auf dieser Website wurden sorgf\u00e4ltig gepr\u00fcft und werden regelm\u00e4\u00dfig aktualisiert. Es wurden alle zumutbaren Anstrendungen unternommen, dass die bereitgestellten Informationen zum Zeitpunkt der Bereitstellung vollst\u00e4ndig und richtig sind. Dennoch kann es zu unbeabsichtigten Fehlern gekommen sein! Alle Angaben k\u00f6nnen ohne vorherige Ank\u00fcndigung ge\u00e4ndert, entfernt oder erg\u00e4nzt werden.<\/p>\n<p>Es wird keine wie immer geartete Gew\u00e4hrleistungen oder Garantien daf\u00fcr \u00fcbernommen, dass alle Angaben zu jeder Zeit vollst\u00e4ndig richtig und in letzter Aktualit\u00e4t dargestellt sind. Dies gilt insbesondere f\u00fcr alle Links zu anderen Websites, auf die direkt oder indirekt verwiesen wird. Die Prosoft S\u00fcd Consulting GmbH\u00a0 \u00fcbernimmt gem\u00e4\u00df \u00a717ECG keine Haftung f\u00fcr unrichtige oder rechtswidrige Inhalte auf diesen anderen Websites, zu denen Links gesetzt wurden da wir keine Kenntnis rechtswidriger T\u00e4tigkeiten hatten und haben, uns solche Rechtswidrigkeiten bisher nicht aufegefallen sind und wir Links sofort entfernen sobald und Rechtswidrigkeiten bekannt werden. Sollten Ihnen solche Rechtswidrigkeiten bekannt werden, bitte wie Sie, und umgehend davon in Kenntnis zu setzen.<\/p>\n<p>Entscheidungen die auf die dargestellten Informationen beruhen, liegen ausschlie\u00dflich in der Verantwortung des Benutzers. Die Prosoft S\u00fcd Consulting GmbH \u00fcbernimmt keiner Gew\u00e4hrleistung daf\u00fcr, da\u00df die Webseite, Inhalte oder Links \u00fcberhaupt zur Verf\u00fcgung stehen, sowie da\u00df die Webseite oder deren Hilfsmittel (z.B.w Server) frei von gef\u00e4hrlichen Bestandteilen wie Viren oder \u00e4hnlichen sind und schlie\u00dft s\u00e4mtliche diesbez\u00fcgliche Haftungen f\u00fcr Sch\u00e4den, welcher Art auch immer, aus der Bereitstellung der Informationsseite o.\u00e4. \u2013 soweit gesetzlich zul\u00e4ssig \u2013 ausdr\u00fccklich aus.<\/p>\n<p>Bei allen personenbezogenen Bezeichnungen ist jeweils die weibliche und m\u00e4nnliche Form gemeint!<br \/>\nSollten Ihnen problematische oder rechtswidrige Inhalte auffallen, bitten wir Sie uns umgehend zu kontaktieren, Sie finden die Kontaktdaten im Impressum.<\/p>\n<h2 class=\"adsimple-121197769\" data-fontsize=\"24\" data-lineheight=\"36\">Urheberrechtshinweis<\/h2>\n<p><strong>Jeder Inhalt dieser Webseite unterliegt dem Urheberrechtsgesetz!<\/strong><\/p>\n<p>Die Ver\u00f6ffentlichung jeglichen Inhalts der Webseite bedarf der vorherigen ausdr\u00fcckliche schriftlichen Genehmigung der Prosoft S\u00fcd Consulting GmbH.<\/p>\n<p>Zuwiderhandlung zieht rechtliche Folgen nach sich.<\/p>\n<p>&nbsp;<\/p>\n<h2 class=\"adsimple-121197769\" data-fontsize=\"24\" data-lineheight=\"36\">Bild- und Mediennachweis<\/h2>\n<p>Die Bilder, Fotos und Grafiken und Medien auf dieser Webseite sind urheberrechtlich gesch\u00fctzt.<\/p>\n<p>Die Bilderrechte liegen bei den folgenden Fotografen und Unternehmen:<\/p>\n<ul class=\"adsimple-121197769\">\n<li class=\"adsimple-121197769\">Prosoft S\u00fcd Consulting GmbH \/ DI Martin Novak\n<ul>\n<li>Lizenzfreie Bilder von PixaBay.com unter der CC_Common Licence (https:\/\/pixabay.com\/de\/service\/license\/)<\/li>\n<\/ul>\n<\/li>\n<\/ul>\n<p><strong>Homepage Betreuung:<br \/>\n<\/strong>Knappitsch EDV<\/p>","protected":false},"excerpt":{"rendered":"<p>Impressum Firma: \u00a0\u00a0\u00a0\u00a0\u00a0\u00a0\u00a0\u00a0\u00a0\u00a0\u00a0\u00a0\u00a0\u00a0\u00a0\u00a0\u00a0\u00a0\u00a0\u00a0\u00a0\u00a0\u00a0\u00a0\u00a0\u00a0\u00a0\u00a0\u00a0\u00a0\u00a0\u00a0 Prosof S\u00fcd Consulting GmbH Rechtsform: \u00a0\u00a0\u00a0\u00a0\u00a0\u00a0\u00a0\u00a0\u00a0\u00a0\u00a0\u00a0\u00a0\u00a0\u00a0\u00a0\u00a0\u00a0\u00a0\u00a0\u00a0 Gesellschaft mit beschr\u00e4nkter Haftung (GmbH) Anschrift: \u00a0\u00a0\u00a0\u00a0\u00a0\u00a0\u00a0\u00a0\u00a0\u00a0\u00a0\u00a0\u00a0\u00a0\u00a0\u00a0\u00a0\u00a0\u00a0\u00a0\u00a0\u00a0\u00a0\u00a0\u00a0\u00a0 Steinergasse 11\/5, A-1230 Wien \/Austria Gesch\u00e4ftsf\u00fchrer: \u00a0\u00a0\u00a0\u00a0\u00a0\u00a0\u00a0\u00a0\u00a0\u00a0\u00a0\u00a0\u00a0 Dipl.-Ing. Martin Novak Gewerbe: \u00a0\u00a0\u00a0\u00a0\u00a0\u00a0\u00a0\u00a0\u00a0\u00a0\u00a0\u00a0\u00a0\u00a0\u00a0\u00a0\u00a0\u00a0\u00a0\u00a0\u00a0\u00a0\u00a0\u00a0\u00a0\u00a0\u00a0 Dienstleistungen in der automatischen Datenverarbeitung Kammerzugeh\u00f6rigkeit: \u00a0\u00a0\u00a0 WKO, WKK, Fachgruppe f\u00fcr Unternehmensberatung und Informationstechnologie Firmenbuch Nr.: \u00a0\u00a0\u00a0 \u00a0\u00a0\u00a0\u00a0\u00a0\u00a0\u00a0\u00a0\u00a0\u00a0\u00a0 FN 30918v,\u00a0 BG Klagenfurt <a href=\"https:\/\/diehelferhelfer.at\/index.php\/privacy-policy\/\" class=\"more-link\">Read More<\/a><\/p>\n","protected":false},"author":2,"featured_media":0,"parent":0,"menu_order":0,"comment_status":"closed","ping_status":"open","template":"tpl-full-width.php","meta":{"footnotes":""},"class_list":["post-3","page","type-page","status-publish","hentry"],"_links":{"self":[{"href":"https:\/\/diehelferhelfer.at\/index.php\/wp-json\/wp\/v2\/pages\/3","targetHints":{"allow":["GET"]}}],"collection":[{"href":"https:\/\/diehelferhelfer.at\/index.php\/wp-json\/wp\/v2\/pages"}],"about":[{"href":"https:\/\/diehelferhelfer.at\/index.php\/wp-json\/wp\/v2\/types\/page"}],"author":[{"embeddable":true,"href":"https:\/\/diehelferhelfer.at\/index.php\/wp-json\/wp\/v2\/users\/2"}],"replies":[{"embeddable":true,"href":"https:\/\/diehelferhelfer.at\/index.php\/wp-json\/wp\/v2\/comments?post=3"}],"version-history":[{"count":9,"href":"https:\/\/diehelferhelfer.at\/index.php\/wp-json\/wp\/v2\/pages\/3\/revisions"}],"predecessor-version":[{"id":889,"href":"https:\/\/diehelferhelfer.at\/index.php\/wp-json\/wp\/v2\/pages\/3\/revisions\/889"}],"wp:attachment":[{"href":"https:\/\/diehelferhelfer.at\/index.php\/wp-json\/wp\/v2\/media?parent=3"}],"curies":[{"name":"wp","href":"https:\/\/api.w.org\/{rel}","templated":true}]}}