{"id":277,"date":"2018-01-12T07:50:11","date_gmt":"2018-01-12T07:50:11","guid":{"rendered":"http:\/\/demo.wenthemes.com\/surya-chandra-lite\/?page_id=5"},"modified":"2020-04-03T07:47:44","modified_gmt":"2020-04-03T07:47:44","slug":"home-v1","status":"publish","type":"page","link":"https:\/\/diehelferhelfer.at\/","title":{"rendered":"Home"},"content":{"rendered":"<div id=\"pl-277\"  class=\"panel-layout\" ><div id=\"pg-277-0\"  class=\"panel-grid panel-has-style\" ><div class=\"siteorigin-panels-stretch panel-row-style-full-stretched panel-row-style panel-row-style-for-277-0\" data-stretch-type=\"full-stretched\" ><div id=\"pgc-277-0-0\"  class=\"panel-grid-cell\" ><div id=\"panel-277-0-0-0\" class=\"so-panel widget widget_sow-hero panel-first-child panel-last-child\" data-index=\"0\" ><div\n\t\t\t\n\t\t\tclass=\"so-widget-sow-hero so-widget-sow-hero-default-3fa99e59aae4-277 so-widget-fittext-wrapper\"\n\t\t\t data-fit-text-compressor=\"0.85\"\n\t\t>\t\t\t\t<div class=\"sow-slider-base\" style=\"display: none\" tabindex=\"0\">\n\t\t\t\t\t<ul\n\t\t\t\t\tclass=\"sow-slider-images\"\n\t\t\t\t\tdata-settings=\"{&quot;pagination&quot;:true,&quot;speed&quot;:1200,&quot;timeout&quot;:15000,&quot;paused&quot;:false,&quot;pause_on_hover&quot;:false,&quot;swipe&quot;:true,&quot;nav_always_show_desktop&quot;:&quot;&quot;,&quot;nav_always_show_mobile&quot;:&quot;&quot;,&quot;breakpoint&quot;:&quot;780px&quot;,&quot;unmute&quot;:false,&quot;anchor&quot;:null}\"\n\t\t\t\t\tstyle=\"min-height: 750px\"\t\t\t\t\tdata-anchor-id=\"\"\n\t\t\t\t>\t\t<li class=\"sow-slider-image  sow-slider-image-cover\" style=\"visibility: visible;;background-color: #ffffff\" >\n\t\t\t\t\t<div class=\"sow-slider-image-container\">\n\t\t\t<div class=\"sow-slider-image-wrapper\">\n\t\t\t\t<div class=\"container\">\n<div class=\"frame\">\n<div class=\"page tlid-homepage homepage translate-text\">\n<div class=\"homepage-content-wrap\">\n<div class=\"tlid-source-target main-header small-font\">\n<div class=\"source-target-row\">\n<div class=\"tlid-results-container results-container\">\n<div class=\"tlid-result result-dict-wrapper\">\n<div class=\"result tlid-copy-target\">\n<div class=\"text-wrap tlid-copy-target\">\n<p><span style=\"color: #ffcc00\"><strong>\"RHM\" - \"Regionales Hilfs-Management\" - Die Plattform f\u00fcr die Helfer !<\/strong><\/span><br \/>\nWeborientierte grafische Unterst\u00fctzung von Hilfsinitiativen !<\/p>\n<p>In der heutigen Situation ist es oft schwer den \u00dcberblick zu bewahren und schnell und akkurat zu helfen oder einzugreifen!<\/p>\n<p>\"RHM\" hilft: Mit Symbolen und Marker auf einer elektronischen Landkarte wird vom Gruppenverantwortlichen der aktuelle Bedarf und Situation schnell und in Echtzeit visualisiert und kommuniziert. Positionsgenaue und aktuelle Darstellung der Situation und Anforderungen in den Bereichen<\/p>\n<p style=\"padding-left: 40px\"><span style=\"color: #ff9900\"><strong>\"Umweltgefahren\" (Feuer, Flut, Sturmschaden, Schnee-Ereignisse, ..),<\/strong><\/span><\/p>\n<p style=\"padding-left: 40px\"><span style=\"color: #ff9900\"><strong>\"Verkehr\" (Verkehrsunfall, Stau, Stra\u00dfensperren,..),<\/strong><\/span><\/p>\n<p style=\"padding-left: 40px\"><span style=\"color: #ff9900\"><strong>\"Gesundheit\" (Notfall, Bergrettungseinsatz,..)<\/strong><\/span><\/p>\n<p style=\"padding-left: 40px\"><span style=\"color: #ff9900\"><strong>\"Hilfestellungen\" (Einkaufshilfe, Lebenshilfe, Unterst\u00fctzungsleistungen,..)<\/strong><\/span><\/p>\n<p style=\"padding-left: 40px\"><span style=\"color: #ff9900\"><strong>aber auch allgemeine Gel\u00e4ndeinformationen<\/strong><\/span><\/p>\n<p>unterst\u00fctzt die schnelle Kommunikation und Umsetzung der Anforderungen.<br \/>\nSchnell, einfach und unkompliziert !<br \/>\nF\u00fcr Initiativgruppen, Selbsthilfe- und Gemeindeverantwortliche, Pfarrgruppen u.a.<br \/>\n<span style=\"color: #ff9900\">Interessiert ? Wir freuen uns auf Ihre Anfrage --&gt;\u00a0 hier gehts zum <a href=\"https:\/\/diehelferhelfer.at\/index.php\/contact\/\" target=\"_blank\" rel=\"noopener\">Kontaktformular<\/a>!<\/span><\/p>\n<p><\/p>\n<p><\/span><\/strong><\/p>\n<p>&nbsp;<\/p>\n<\/div>\n<\/div>\n<\/div>\n<\/div>\n<\/div>\n<\/div>\n<\/div>\n<\/div>\n<\/div>\n<\/div>\t\t\t<\/div>\n\t\t<\/div>\n\t\t<div class=\"sow-slider-image-overlay sow-slider-image-cover\" style=\"opacity: 0.68;background-image: url(https:\/\/diehelferhelfer.at\/wp-content\/uploads\/2020\/04\/Screenshot1.jpg)\"  ><\/div>\t\t<\/li>\n\t\t<\/ul>\t\t\t\t<ol class=\"sow-slider-pagination\">\n\t\t\t\t\t\t\t\t\t\t\t<li><a href=\"#\" data-goto=\"0\" aria-label=\"Display slide 1\"><\/a><\/li>\n\t\t\t\t\t\t\t\t\t<\/ol>\n\n\t\t\t\t<div class=\"sow-slide-nav sow-slide-nav-next\">\n\t\t\t\t\t<a href=\"#\" data-goto=\"next\" aria-label=\"Next slide\" data-action=\"next\">\n\t\t\t\t\t\t<em class=\"sow-sld-icon-ultra-thin-right\"><\/em>\n\t\t\t\t\t<\/a>\n\t\t\t\t<\/div>\n\n\t\t\t\t<div class=\"sow-slide-nav sow-slide-nav-prev\">\n\t\t\t\t\t<a href=\"#\" data-goto=\"previous\" aria-label=\"Previous slide\" data-action=\"prev\">\n\t\t\t\t\t\t<em class=\"sow-sld-icon-ultra-thin-left\"><\/em>\n\t\t\t\t\t<\/a>\n\t\t\t\t<\/div>\n\t\t\t\t<\/div><\/div><\/div><\/div><\/div><\/div><div id=\"pg-277-1\"  class=\"panel-grid panel-has-style\" ><div class=\"siteorigin-panels-stretch panel-row-style-full-width panel-row-style panel-row-style-for-277-1\" data-stretch-type=\"full\" ><div id=\"pgc-277-1-0\"  class=\"panel-grid-cell\" ><div id=\"panel-277-1-0-0\" class=\"so-panel widget widget_sow-features panel-first-child panel-last-child\" data-index=\"1\" ><div\n\t\t\t\n\t\t\tclass=\"so-widget-sow-features so-widget-sow-features-default-05632295127f-277\"\n\t\t\t\n\t\t>\n<div class=\"section-sow-features heading-center\">\n\n\t\t\t<h3 class=\"widget-title\">RHM - die elektronische Plattform f\u00fcr die HELFER<\/h3>\t\n\t\t\t<p class=\"widget-subtitle\">Interessiert ? - anfragen oder gleich buchen - \u00fcber unser Kontaktformular !<\/p>\n\t\n\t<div class=\"sow-features-list sow-features-responsive\">\n\n\t\t\t\t\t\n\t\t\t\t\n\t\t\t\t<div class=\"sow-features-feature sow-icon-container-position-top \" style=\"width: 100%\">\n\t\t\t\t\t<div class=\"feature-wrapper\">\n\t\t\t\t\t\t\t\t\t\t\t\t<div class=\"sow-icon-container sow-container-explode\"\n\t\t                    style=\"color: #ffffff; \"\n\t\t\t\t\t\t\ttitle=\"So gehts\">\n\t\t\t\t\t\t\t<span class=\"sow-icon-elegantline\" data-sow-icon=\"&#xe02b;\"\n\t\tstyle=\"font-size: 40px; color: #3281db\" \n\t\taria-hidden=\"true\"><\/span>\t\t\t\t\t\t<\/div>\n\t\t\t\t\t\t\n\t\t\t\t\t\t<div class=\"textwidget\">\n\t\t\t\t\t\t\t\t\t\t\t\t\t\t\t<h5>\n\t\t\t\t\t\t\t\t\t\t\t\t\t\t\t\t\t\tSo funktioniert's\t\t\t\t\t\t\t\t\t\t\t\t\t\t\t\t\t<\/h5>\n\t\t\t\t\t\t\t\n\t\t\t\t\t\t\t\t\t\t\t\t\t\t\t<p><\/p>\n<p>Nach dem Erhalt der Zugangsdaten ..<\/p>\n<p>1. \"RHM-Helferplattform\" aufrufen (link rechts oben im Men\u00fcfeld),<\/p>\n<p>2. Einloggen mit dem \u00fcbermittelten Usernamen und Passwort,<\/p>\n<p>3. \"Karte\" aufrufen - die Landkarte des zugeordneten Arbeitsbereich erscheint,<\/p>\n<p>&nbsp;<\/p>\n<p>4. Je nach Berechtigung k\u00f6nnen nun<\/p>\n<p style=\"padding-left: 40px\">&gt;&gt; <span style=\"color: #0000ff\">Symbole gesetzt<\/span>,\u00a0 Aufgaben definiert, ge\u00e4ndert oder gel\u00f6scht werden (\"als <span style=\"color: #0000ff\">Gebietsmanager<\/span>\")<\/p>\n<p style=\"padding-left: 40px\">&gt;&gt; Der <span style=\"color: #0000ff\">Status<\/span> von Symbolen <span style=\"color: #0000ff\">ge\u00e4ndert<\/span> und damit dem Team kommuniziert werden (als \"<span style=\"color: #0000ff\">Helfer<\/span>\")<\/p>\n<p style=\"padding-left: 40px\">&gt;&gt; Die <span style=\"color: #0000ff\">Situation eingesehen<\/span> werden (als <span style=\"color: #0000ff\">\"User\")<\/span><\/p>\n<p><span style=\"color: #339966\">Die elektronischen Karten (\u00f6ffentliches OSM-Kartenmaterial) geben schnell auch weitere hilfreiche Informationen!<\/span><\/p>\n<p>Das Potenzial\/der Zugang zur RHM-Plattform wird <span style=\"color: #0000ff\">einer Usergruppe immer <strong>EXKLUSIV<\/strong><\/span> zur Verf\u00fcgung gestellt.<\/p>\n<p>Die Informationen sind <span style=\"color: #0000ff\">NICHT \u00d6FFENTLICH EINSEHBAR,<\/span> sondern nur von den Anwenderaccounts aus im Umfang ihrer Zugriffrechte.<\/p>\n<p>&nbsp;<\/p>\n<p><span style=\"color: #0000ff\"><strong>that's it.. viel Erfolg bei der Bew\u00e4ltigung der Aufgaben!<\/strong><\/span><\/p>\n<p><\/p>\t\t\t\t\t\t\t\n\t\t\t\t\t\t\t\t\t\t\t\t\t\t\t<p class=\"sow-more-text\">\n\t\t\t\t\t\t\t\t\t\t\t\t\t\t\t\t\t\t...\t\t\t\t\t\t\t\t\t\t\t\t\t\t\t\t\t<\/p>\n\t\t\t\t\t\t\t\t\t\t\t\t\t<\/div>\n\t\t\t\t\t<\/div>\n\t\t\t\t<\/div>\n\n\t\t\t\n\t\t\t\t\t\t\t\t\t<div class=\"sow-features-clear\"><\/div>\n\t\t\t\t\n\t\t\t\t<div class=\"sow-features-feature sow-icon-container-position-top \" style=\"width: 100%\">\n\t\t\t\t\t<div class=\"feature-wrapper\">\n\t\t\t\t\t\t\t\t\t\t\t\t<div class=\"sow-icon-container sow-container-explode\"\n\t\t                    style=\"color: #ffffff; \"\n\t\t\t\t\t\t\ttitle=\"einfach Buchen und loslegen\">\n\t\t\t\t\t\t\t<span class=\"sow-icon-elegantline\" data-sow-icon=\"&#xe02c;\"\n\t\tstyle=\"font-size: 40px; color: #f23434\" \n\t\taria-hidden=\"true\"><\/span>\t\t\t\t\t\t<\/div>\n\t\t\t\t\t\t\n\t\t\t\t\t\t<div class=\"textwidget\">\n\t\t\t\t\t\t\t\t\t\t\t\t\t\t\t<h5>\n\t\t\t\t\t\t\t\t\t\t\t\t\t\t\t\t\t\tDer Zugang\t\t\t\t\t\t\t\t\t\t\t\t\t\t\t\t\t<\/h5>\n\t\t\t\t\t\t\t\n\t\t\t\t\t\t\t\t\t\t\t\t\t\t\t<p>Moderate Preise, Laufzeit jeweils 1 Monat.<\/p>\n<p>Nach erfolgter Buchung und Kl\u00e4rung eventueller Fragen erh\u00e4lt die\/der Verantwortliche der Initiative <span style=\"color: #0000ff\">3 Accounts<\/span>:<\/p>\n<p>- einen \"<span style=\"color: #0000ff\">GebietsManager<\/span>\" Account (kann Marker setzen, \u00e4ndern, l\u00f6schen) - typischerweise die\/der Gruppenverantwortliche<\/p>\n<p>- einen \"<span style=\"color: #0000ff\">Helfer<\/span>\"- Account (diese\/dieser kann den Status einer Aufgabe \u00e4ndern) - typischerweise f\u00fcr die Helfer im Team<\/p>\n<p>- einen \"<span style=\"color: #0000ff\">User<\/span>\" Account (diese\/dieser kann nur die aktuelle Anzeige einsehen) - speziell von der Initiative mit dem Recht ausgestattet, Einsicht zu nehmen<\/p>\n<p>Diese Accounts sind <span style=\"color: #0000ff\">dem jeweiligen Betreuungsgebiet<\/span> <span style=\"color: #0000ff\">zugeordnet<\/span> (eine Gemeinde, ein Bezirk, eine Pfarre, etc.) in dem dann die Aufgaben entsprechend abgewickelt werden.<\/p>\n<p>Die Abrechnung erfolgt monatlich.<\/p>\n<p><\/p>\t\t\t\t\t\t\t\n\t\t\t\t\t\t\t\t\t\t\t\t\t\t\t<p class=\"sow-more-text\">\n\t\t\t\t\t\t\t\t\t<a href=\"https:\/\/diehelferhelfer.at\/index.php\/contact\/\" >\t\t\t\t\t\t\t\t\thier gehts zum Kontaktformular..\t\t\t\t\t\t\t\t\t<\/a>\t\t\t\t\t\t\t\t<\/p>\n\t\t\t\t\t\t\t\t\t\t\t\t\t<\/div>\n\t\t\t\t\t<\/div>\n\t\t\t\t<\/div>\n\n\t\t\t\n\t\t\t\t\t\t\t\t\t<div class=\"sow-features-clear\"><\/div>\n\t\t\t\t\n\t\t\t\t<div class=\"sow-features-feature sow-icon-container-position-top sow-features-feature-last-row\" style=\"width: 100%\">\n\t\t\t\t\t<div class=\"feature-wrapper\">\n\t\t\t\t\t\t\t\t\t\t\t\t<div class=\"sow-icon-container sow-container-explode\"\n\t\t                    style=\"color: #ffffff; \"\n\t\t\t\t\t\t\ttitle=\"Allgemeine Hinweise\">\n\t\t\t\t\t\t\t<span class=\"sow-icon-typicons\" data-sow-icon=\"&#xe090;\"\n\t\tstyle=\"font-size: 40px; color: #dd0000\" \n\t\taria-hidden=\"true\"><\/span>\t\t\t\t\t\t<\/div>\n\t\t\t\t\t\t\n\t\t\t\t\t\t<div class=\"textwidget\">\n\t\t\t\t\t\t\t\t\t\t\t\t\t\t\t<h5>\n\t\t\t\t\t\t\t\t\t\t\t\t\t\t\t\t\t\tAllgemeines\t\t\t\t\t\t\t\t\t\t\t\t\t\t\t\t\t<\/h5>\n\t\t\t\t\t\t\t\n\t\t\t\t\t\t\t\t\t\t\t\t\t\t\tDatenschutz ist nicht nur ein Anliegen, sondern bei uns auch gelebte Praxis:\n\n&gt;&gt; Der Zugang ist ausschlie\u00dflich mit dem entsprechenden Accountdaten m\u00f6glich - und nur f\u00fcr das betreffende Gebiet !\n\n&gt;&gt; Der <span style=\"color: #0000ff\">\"<strong>Gebietsmanager<\/strong>\" <\/span><strong><span style=\"color: #0000ff\">allein entscheidet<\/span>, welche Informationen, wann und wie lange diese <\/strong>auf der Webseite f\u00fcr die Team-Mitglieder sichbar sind\n\n&gt;&gt; Die <strong>Anwender entscheidet<\/strong> auch welche Symbole\/Marker welche <strong>Bedeutung<\/strong> haben\n\n&gt;&gt; Die <strong>Rechner und Daten liegen in einem eigenen hochsicheren Rechenzentrum in \u00d6sterreich f\u00fcr eine 24\/7 Verf\u00fcgbarkeit\n<\/strong>\n\n&gt;&gt; S\u00e4mtliche Informationen werden ausschlie\u00dflich durch den Anwender und f\u00fcr die Anwendung verwendet\n\n&gt;&gt; F\u00fcr den <strong>Inhalt ist ausschlie\u00dflich der\/die Anwender verantwortlich ! <\/strong>\n\n&gt;&gt; Es finden<strong> keine weitergehenden Auswertungen und Analysen<\/strong>- weder von uns als Provider noch von Dritten statt !\n\n&gt;&gt; Mit dem Ablauf\/der K\u00fcndigung eines Accounts werden die dann noch vorhandenen <strong>Daten vollst\u00e4ndig gel\u00f6scht<\/strong> und auch die Sicherungen vernichtet.\n\nDie Buchung muss <span style=\"color: #0000ff\"><strong>aktiv verl\u00e4ngert<\/strong><\/span> werden und endet andernfalls mit Ablauf des Monats!\n\n\n\n&nbsp;\t\t\t\t\t\t\t\n\t\t\t\t\t\t\t\t\t\t\t\t\t\t\t<p class=\"sow-more-text\">\n\t\t\t\t\t\t\t\t\t<a href=\"https:\/\/diehelferhelfer.at\/index.php\/contact\/\" >\t\t\t\t\t\t\t\t\tzum Kontaktformular..\t\t\t\t\t\t\t\t\t<\/a>\t\t\t\t\t\t\t\t<\/p>\n\t\t\t\t\t\t\t\t\t\t\t\t\t<\/div>\n\t\t\t\t\t<\/div>\n\t\t\t\t<\/div>\n\n\t\t\t\t\t\n\t<\/div><!-- .sow-features-list -->\n\n<\/div><!-- .section-sow-features -->\n<\/div><\/div><\/div><\/div><\/div><\/div>","protected":false},"excerpt":{"rendered":"<p>&#8222;RHM&#8220; &#8211; &#8222;Regionales Hilfs-Management&#8220; &#8211; Die Plattform f\u00fcr die Helfer ! Weborientierte grafische Unterst\u00fctzung von Hilfsinitiativen ! In der heutigen Situation ist es oft schwer den \u00dcberblick zu bewahren und schnell und akkurat zu helfen oder einzugreifen! &#8222;RHM&#8220; hilft: Mit Symbolen und Marker auf einer elektronischen Landkarte wird vom Gruppenverantwortlichen <a href=\"https:\/\/diehelferhelfer.at\/\" class=\"more-link\">Read More<\/a><\/p>\n","protected":false},"author":2,"featured_media":0,"parent":0,"menu_order":0,"comment_status":"closed","ping_status":"closed","template":"tpl-builders.php","meta":{"footnotes":""},"class_list":["post-277","page","type-page","status-publish","hentry"],"_links":{"self":[{"href":"https:\/\/diehelferhelfer.at\/index.php\/wp-json\/wp\/v2\/pages\/277","targetHints":{"allow":["GET"]}}],"collection":[{"href":"https:\/\/diehelferhelfer.at\/index.php\/wp-json\/wp\/v2\/pages"}],"about":[{"href":"https:\/\/diehelferhelfer.at\/index.php\/wp-json\/wp\/v2\/types\/page"}],"author":[{"embeddable":true,"href":"https:\/\/diehelferhelfer.at\/index.php\/wp-json\/wp\/v2\/users\/2"}],"replies":[{"embeddable":true,"href":"https:\/\/diehelferhelfer.at\/index.php\/wp-json\/wp\/v2\/comments?post=277"}],"version-history":[{"count":367,"href":"https:\/\/diehelferhelfer.at\/index.php\/wp-json\/wp\/v2\/pages\/277\/revisions"}],"predecessor-version":[{"id":928,"href":"https:\/\/diehelferhelfer.at\/index.php\/wp-json\/wp\/v2\/pages\/277\/revisions\/928"}],"wp:attachment":[{"href":"https:\/\/diehelferhelfer.at\/index.php\/wp-json\/wp\/v2\/media?parent=277"}],"curies":[{"name":"wp","href":"https:\/\/api.w.org\/{rel}","templated":true}]}}